{"id":15660,"date":"2021-12-07T15:32:27","date_gmt":"2021-12-07T12:02:27","guid":{"rendered":"https:\/\/www.iransafar.co\/fr\/?page_id=15660"},"modified":"2026-01-03T12:58:10","modified_gmt":"2026-01-03T09:28:10","slug":"reservations-de-vol","status":"publish","type":"page","link":"https:\/\/www.iransafar.co\/fr\/reservations-de-vol\/","title":{"rendered":"R\u00e9servation de vols"},"content":{"rendered":"<div class=\"wpb-content-wrapper\">[vc_row][vc_column][vc_empty_space][\/vc_column][\/vc_row][vc_row][vc_column width=\u00a0\u00bb2\/3&Prime;][vc_column_text]\n<h2 data-start=\"116\" data-end=\"180\">R\u00e9servez vos vols int\u00e9rieurs en Iran en toute simplicit\u00e9 \u2708\ufe0f<\/h2>\n<p data-start=\"182\" data-end=\"568\">Vous pr\u00e9parez un voyage \u00e0 travers l\u2019Iran ? Avec <strong data-start=\"230\" data-end=\"250\">Iran Safar Tours<\/strong>, la r\u00e9servation de vos vols int\u00e9rieurs n\u2019a jamais \u00e9t\u00e9 aussi facile. De T\u00e9h\u00e9ran \u00e0 Chiraz, d\u2019Ispahan \u00e0 Machhad, et partout ailleurs \u2013 nous vous proposons les meilleures options, les compagnies a\u00e9riennes les plus s\u00fbres et une assistance compl\u00e8te <strong data-start=\"494\" data-end=\"512\">24h\/24 et 7j\/7<\/strong>. Voyagez en toute confiance, confort et tranquillit\u00e9.<\/p>\n<h3 data-start=\"570\" data-end=\"595\">Comment \u00e7a marche ?<\/h3>\n<ol data-start=\"596\" data-end=\"831\">\n<li data-start=\"596\" data-end=\"641\">\n<p data-start=\"599\" data-end=\"641\"><strong data-start=\"599\" data-end=\"639\">Remplissez notre formulaire en ligne<\/strong><\/p>\n<\/li>\n<li data-start=\"642\" data-end=\"695\">\n<p data-start=\"645\" data-end=\"695\"><strong data-start=\"645\" data-end=\"693\">Choisissez vos villes de d\u00e9part et d\u2019arriv\u00e9e<\/strong><\/p>\n<\/li>\n<li data-start=\"696\" data-end=\"764\">\n<p data-start=\"699\" data-end=\"764\"><strong data-start=\"699\" data-end=\"762\">S\u00e9lectionnez l\u2019itin\u00e9raire et l\u2019horaire qui vous conviennent<\/strong><\/p>\n<\/li>\n<li data-start=\"765\" data-end=\"831\">\n<p data-start=\"768\" data-end=\"831\"><strong data-start=\"768\" data-end=\"829\">Recevez directement nos meilleures options personnalis\u00e9es<\/strong><\/p>\n<\/li>\n<\/ol>\n<p data-start=\"833\" data-end=\"862\">C\u2019est aussi simple que \u00e7a !<\/p>\n<h3 data-start=\"864\" data-end=\"909\">Un processus de r\u00e9servation sans stress<\/h3>\n<p data-start=\"910\" data-end=\"1170\">Indiquez simplement vos d\u00e9tails de voyage \u2013 villes, date, nombre de passagers \u2013 et nous vous envoyons par e-mail la liste des meilleurs vols disponibles. Comparez en un coup d\u2019\u0153il les horaires de d\u00e9part, les compagnies, la dur\u00e9e du vol, la classe et le prix.<\/p>\n<p data-start=\"1172\" data-end=\"1385\">Une fois votre vol choisi, il vous suffit de nous envoyer l\u2019identit\u00e9 du passager par e-mail et vous recevrez votre <strong data-start=\"1287\" data-end=\"1324\">billet \u00e9lectronique imm\u00e9diatement<\/strong>. Le paiement est s\u00e9curis\u00e9, rapide et enti\u00e8rement en ligne.<\/p>\n<h3 data-start=\"1387\" data-end=\"1425\">Partez o\u00f9 vous voulez en Iran \ud83c\udf0d<\/h3>\n<p data-start=\"1426\" data-end=\"1449\">Que vous voyagiez \u00e0 :<\/p>\n<ul data-start=\"1450\" data-end=\"1694\">\n<li data-start=\"1450\" data-end=\"1480\">\n<p data-start=\"1452\" data-end=\"1480\"><strong data-start=\"1452\" data-end=\"1463\">T\u00e9h\u00e9ran<\/strong> pour affaires,<\/p>\n<\/li>\n<li data-start=\"1481\" data-end=\"1529\">\n<p data-start=\"1483\" data-end=\"1529\"><strong data-start=\"1483\" data-end=\"1494\">Ispahan<\/strong> pour son architecture grandiose,<\/p>\n<\/li>\n<li data-start=\"1530\" data-end=\"1575\">\n<p data-start=\"1532\" data-end=\"1575\"><strong data-start=\"1532\" data-end=\"1542\">Chiraz<\/strong> pour ses jardins et sa po\u00e9sie,<\/p>\n<\/li>\n<li data-start=\"1576\" data-end=\"1617\">\n<p data-start=\"1578\" data-end=\"1617\"><strong data-start=\"1578\" data-end=\"1589\">Machhad<\/strong> pour un voyage spirituel,<\/p>\n<\/li>\n<li data-start=\"1618\" data-end=\"1694\">\n<p data-start=\"1620\" data-end=\"1694\">ou encore les \u00eeles de <strong data-start=\"1642\" data-end=\"1651\">Qeshm<\/strong> et <strong data-start=\"1655\" data-end=\"1663\">Kish<\/strong> pour une escapade baln\u00e9aire,<\/p>\n<\/li>\n<\/ul>\n<p data-start=\"1696\" data-end=\"1857\"><strong data-start=\"1696\" data-end=\"1716\">Iran Safar Tours<\/strong> vous accompagne pour trouver les <strong data-start=\"1750\" data-end=\"1781\">compagnies les plus fiables<\/strong>, les <strong data-start=\"1787\" data-end=\"1815\">trajets les plus rapides<\/strong> et les <strong data-start=\"1823\" data-end=\"1854\">horaires les plus pratiques<\/strong>.<\/p>\n<h3 data-start=\"1859\" data-end=\"1900\">Pourquoi choisir Iran Safar Tours ?<\/h3>\n<p data-start=\"1901\" data-end=\"2151\">\u2705 Aucun frais cach\u00e9 \u2013 le prix est transparent<br data-start=\"1946\" data-end=\"1949\" \/>\u2705 Assistance personnalis\u00e9e 24h\/24 par e-mail, t\u00e9l\u00e9phone ou WhatsApp<br data-start=\"2016\" data-end=\"2019\" \/>\u2705 Suivi en temps r\u00e9el de votre vol et alertes en cas de retard<br data-start=\"2081\" data-end=\"2084\" \/>\u2705 R\u00e9servation flexible : combinez vols, h\u00f4tels et visites guid\u00e9es<\/p>\n<hr data-start=\"2153\" data-end=\"2156\" \/>\n<p data-start=\"2158\" data-end=\"2288\">\u2728 Avec <strong data-start=\"2165\" data-end=\"2185\">Iran Safar Tours<\/strong>, votre vol int\u00e9rieur n\u2019est pas seulement un d\u00e9placement \u2013 c\u2019est le d\u00e9but d\u2019une aventure inoubliable.<\/p>\n[\/vc_column_text][\/vc_column][vc_column width=\u00a0\u00bb1\/3&Prime;]\n<div class=\"wpcf7 no-js\" id=\"wpcf7-f18493-o1\" lang=\"fr-FR\" dir=\"ltr\" data-wpcf7-id=\"18493\">\n<div class=\"screen-reader-response\"><p role=\"status\" aria-live=\"polite\" aria-atomic=\"true\"><\/p> <ul><\/ul><\/div>\n<form action=\"\/fr\/wp-json\/wp\/v2\/pages\/15660#wpcf7-f18493-o1\" method=\"post\" class=\"wpcf7-form init\" aria-label=\"Formulaire de contact\" novalidate=\"novalidate\" data-status=\"init\">\n<fieldset class=\"hidden-fields-container\"><input type=\"hidden\" name=\"_wpcf7\" value=\"18493\" \/><input type=\"hidden\" name=\"_wpcf7_version\" value=\"6.1.5\" \/><input type=\"hidden\" name=\"_wpcf7_locale\" value=\"fr_FR\" \/><input type=\"hidden\" name=\"_wpcf7_unit_tag\" value=\"wpcf7-f18493-o1\" \/><input type=\"hidden\" name=\"_wpcf7_container_post\" value=\"0\" \/><input type=\"hidden\" name=\"_wpcf7_posted_data_hash\" value=\"\" \/>\n<\/fieldset>\n<p><span class=\"wpcf7-form-control-wrap\" data-name=\"Fullname\"><input size=\"40\" maxlength=\"400\" class=\"wpcf7-form-control wpcf7-text wpcf7-validates-as-required form-control\" aria-required=\"true\" aria-invalid=\"false\" placeholder=\"Nom*\" value=\"\" type=\"text\" name=\"Fullname\" \/><\/span><br \/>\n<\/p>\n<div class=\"form-group\">\n\t<p><span class=\"wpcf7-form-control-wrap\" data-name=\"Passportnumber\"><input size=\"40\" maxlength=\"400\" class=\"wpcf7-form-control wpcf7-text wpcf7-validates-as-required form-control\" aria-required=\"true\" aria-invalid=\"false\" placeholder=\"Num\u00e9ro de passeport*\" value=\"\" type=\"text\" name=\"Passportnumber\" \/><\/span>\n\t<\/p>\n<\/div>\n<div class=\"form-group\">\n\t<p><span class=\"wpcf7-form-control-wrap\" data-name=\"Email\"><input size=\"40\" maxlength=\"400\" class=\"wpcf7-form-control wpcf7-email wpcf7-validates-as-required wpcf7-text wpcf7-validates-as-email form-control\" aria-required=\"true\" aria-invalid=\"false\" placeholder=\"Email*\" value=\"\" type=\"email\" name=\"Email\" \/><\/span>\n\t<\/p>\n<\/div>\n<div class=\"form-group\">\n\t<p><span class=\"wpcf7-form-control-wrap\" data-name=\"phone\"><input size=\"40\" maxlength=\"400\" class=\"wpcf7-form-control wpcf7-tel wpcf7-validates-as-required wpcf7-text wpcf7-validates-as-tel form-control\" aria-required=\"true\" aria-invalid=\"false\" placeholder=\"Num\u00e9ro de t\u00e9l\u00e9phone*\" value=\"\" type=\"tel\" name=\"phone\" \/><\/span>\n\t<\/p>\n<\/div>\n<div class=\"form-group\">\n\t<p><span class=\"wpcf7-form-control-wrap\" data-name=\"From\"><input size=\"40\" maxlength=\"400\" class=\"wpcf7-form-control wpcf7-text wpcf7-validates-as-required form-control\" aria-required=\"true\" aria-invalid=\"false\" placeholder=\"De*\" value=\"\" type=\"text\" name=\"From\" \/><\/span>\n\t<\/p>\n<\/div>\n<div class=\"form-group\">\n\t<p><span class=\"wpcf7-form-control-wrap\" data-name=\"To\"><input size=\"40\" maxlength=\"400\" class=\"wpcf7-form-control wpcf7-text wpcf7-validates-as-required form-control\" aria-required=\"true\" aria-invalid=\"false\" placeholder=\"\u00e0*\" value=\"\" type=\"text\" name=\"To\" \/><\/span>\n\t<\/p>\n<\/div>\n<div class=\"form-group\">\n\t<p><span class=\"wpcf7-form-control-wrap\" data-name=\"Datetime\"><input size=\"40\" maxlength=\"400\" class=\"wpcf7-form-control wpcf7-text wpcf7-validates-as-required form-control walcf7-datetimepicker\" aria-required=\"true\" aria-invalid=\"false\" placeholder=\"Date et heure du vol*\" value=\"\" type=\"text\" name=\"Datetime\" \/><\/span>\n\t<\/p>\n<\/div>\n<div class=\"form-group\">\n\t<p><span class=\"wpcf7-form-control-wrap\" data-name=\"Numberofpassengers\"><input class=\"wpcf7-form-control wpcf7-number wpcf7-validates-as-required wpcf7-validates-as-number form-control\" min=\"1\" max=\"10\" aria-required=\"true\" aria-invalid=\"false\" placeholder=\"Nombre de passagers*\" value=\"\" type=\"number\" name=\"Numberofpassengers\" \/><\/span>\n\t<\/p>\n<\/div>\n<div class=\"form-group\">\n\t<p><span class=\"wpcf7-form-control-wrap\" data-name=\"Specialrequest\"><textarea cols=\"40\" rows=\"10\" maxlength=\"2000\" class=\"wpcf7-form-control wpcf7-textarea form-control\" aria-invalid=\"false\" placeholder=\"Demande sp\u00e9ciale\" name=\"Specialrequest\"><\/textarea><\/span>\n\t<\/p>\n<\/div>\n<div class=\"form-group\">\n\t<p><input class=\"wpcf7-form-control wpcf7-submit has-spinner btn btn-primary\" type=\"submit\" value=\"ENVOYER UNE DEMANDE\" \/>\n\t<\/p>\n<\/div>\n <p style=\"display: none !important;\" class=\"akismet-fields-container\" data-prefix=\"_wpcf7_ak_\"><label>&#916;<textarea name=\"_wpcf7_ak_hp_textarea\" cols=\"45\" rows=\"8\" maxlength=\"100\"><\/textarea><\/label><input type=\"hidden\" id=\"ak_js_1\" name=\"_wpcf7_ak_js\" value=\"225\"\/><script type=\"text\/javascript\">\n\/* <![CDATA[ *\/\ndocument.getElementById( \"ak_js_1\" ).setAttribute( \"value\", ( new Date() ).getTime() );\n\/* ]]> *\/\n<\/script>\n<\/p><div class=\"wpcf7-response-output\" aria-hidden=\"true\"><\/div>\n<\/form>\n<\/div>\n[\/vc_column][\/vc_row]\n<\/div>","protected":false},"excerpt":{"rendered":"<p>[vc_row][vc_column][vc_empty_space][\/vc_column][\/vc_row][vc_row][vc_column width=\u00a0\u00bb2\/3&Prime;][vc_column_text] R\u00e9servez vos vols int\u00e9rieurs en Iran en toute simplicit\u00e9 \u2708\ufe0f Vous pr\u00e9parez un voyage \u00e0 travers l\u2019Iran ? Avec Iran Safar Tours, la r\u00e9servation de vos vols int\u00e9rieurs n\u2019a jamais \u00e9t\u00e9 aussi facile. De T\u00e9h\u00e9ran \u00e0 Chiraz, d\u2019Ispahan \u00e0 Machhad, et partout ailleurs \u2013 nous vous proposons les meilleures options, les compagnies a\u00e9riennes [&hellip;]<\/p>\n","protected":false},"author":1,"featured_media":16178,"parent":0,"menu_order":0,"comment_status":"closed","ping_status":"closed","template":"template-home-modern.php","meta":{"footnotes":""},"class_list":["post-15660","page","type-page","status-publish","has-post-thumbnail","hentry"],"yoast_head":"<!-- This site is optimized with the Yoast SEO Premium plugin v20.8 (Yoast SEO v27.5) - https:\/\/yoast.com\/product\/yoast-seo-premium-wordpress\/ -->\n<title>R\u00e9servation de vols - Iran Safar \u2013 Agence de Voyage en Iran \u2013 Circuits Culturels &amp; Sur Mesure<\/title>\n<meta name=\"description\" content=\"R\u00e9servez votre vol int\u00e9rieur en Iran avec Iran Safar Tours et nous vous fournirons notre assistance en direct 24h\/24 et 7\/7\" \/>\n<meta name=\"robots\" content=\"index, follow, max-snippet:-1, max-image-preview:large, max-video-preview:-1\" \/>\n<link rel=\"canonical\" href=\"https:\/\/www.iransafar.co\/fr\/reservations-de-vol\/\" \/>\n<meta property=\"og:locale\" content=\"fr_FR\" \/>\n<meta property=\"og:type\" content=\"article\" \/>\n<meta property=\"og:title\" content=\"R\u00e9servation de vols\" \/>\n<meta property=\"og:description\" content=\"R\u00e9servez votre vol int\u00e9rieur en Iran avec Iran Safar Tours et nous vous fournirons notre assistance en direct 24h\/24 et 7\/7\" \/>\n<meta property=\"og:url\" content=\"https:\/\/www.iransafar.co\/fr\/reservations-de-vol\/\" \/>\n<meta property=\"og:site_name\" content=\"Iran Safar \u2013 Agence de Voyage en Iran \u2013 Circuits Culturels &amp; Sur Mesure\" \/>\n<meta property=\"article:modified_time\" content=\"2026-01-03T09:28:10+00:00\" \/>\n<meta property=\"og:image\" content=\"https:\/\/www.iransafar.co\/fr\/wp-content\/uploads\/2022\/08\/Flight-Page-2Heading.jpg\" \/>\n\t<meta property=\"og:image:width\" content=\"1000\" \/>\n\t<meta property=\"og:image:height\" content=\"259\" \/>\n\t<meta property=\"og:image:type\" content=\"image\/jpeg\" \/>\n<meta name=\"twitter:card\" content=\"summary_large_image\" \/>\n<meta name=\"twitter:label1\" content=\"Dur\u00e9e de lecture estim\u00e9e\" \/>\n\t<meta name=\"twitter:data1\" content=\"2 minutes\" \/>\n<script type=\"application\/ld+json\" class=\"yoast-schema-graph\">{\"@context\":\"https:\\\/\\\/schema.org\",\"@graph\":[{\"@type\":\"WebPage\",\"@id\":\"https:\\\/\\\/www.iransafar.co\\\/fr\\\/reservations-de-vol\\\/\",\"url\":\"https:\\\/\\\/www.iransafar.co\\\/fr\\\/reservations-de-vol\\\/\",\"name\":\"R\u00e9servation de vols - Iran Safar \u2013 Agence de Voyage en Iran \u2013 Circuits Culturels &amp; Sur Mesure\",\"isPartOf\":{\"@id\":\"https:\\\/\\\/www.iransafar.co\\\/fr\\\/#website\"},\"primaryImageOfPage\":{\"@id\":\"https:\\\/\\\/www.iransafar.co\\\/fr\\\/reservations-de-vol\\\/#primaryimage\"},\"image\":{\"@id\":\"https:\\\/\\\/www.iransafar.co\\\/fr\\\/reservations-de-vol\\\/#primaryimage\"},\"thumbnailUrl\":\"https:\\\/\\\/www.iransafar.co\\\/fr\\\/wp-content\\\/uploads\\\/2022\\\/08\\\/Flight-Page-2Heading.jpg\",\"datePublished\":\"2021-12-07T12:02:27+00:00\",\"dateModified\":\"2026-01-03T09:28:10+00:00\",\"description\":\"R\u00e9servez votre vol int\u00e9rieur en Iran avec Iran Safar Tours et nous vous fournirons notre assistance en direct 24h\\\/24 et 7\\\/7\",\"breadcrumb\":{\"@id\":\"https:\\\/\\\/www.iransafar.co\\\/fr\\\/reservations-de-vol\\\/#breadcrumb\"},\"inLanguage\":\"fr-FR\",\"potentialAction\":[{\"@type\":\"ReadAction\",\"target\":[\"https:\\\/\\\/www.iransafar.co\\\/fr\\\/reservations-de-vol\\\/\"]}]},{\"@type\":\"ImageObject\",\"inLanguage\":\"fr-FR\",\"@id\":\"https:\\\/\\\/www.iransafar.co\\\/fr\\\/reservations-de-vol\\\/#primaryimage\",\"url\":\"https:\\\/\\\/www.iransafar.co\\\/fr\\\/wp-content\\\/uploads\\\/2022\\\/08\\\/Flight-Page-2Heading.jpg\",\"contentUrl\":\"https:\\\/\\\/www.iransafar.co\\\/fr\\\/wp-content\\\/uploads\\\/2022\\\/08\\\/Flight-Page-2Heading.jpg\",\"width\":1000,\"height\":259,\"caption\":\"vol en iran\"},{\"@type\":\"BreadcrumbList\",\"@id\":\"https:\\\/\\\/www.iransafar.co\\\/fr\\\/reservations-de-vol\\\/#breadcrumb\",\"itemListElement\":[{\"@type\":\"ListItem\",\"position\":1,\"name\":\"Home\",\"item\":\"https:\\\/\\\/www.iransafar.co\\\/fr\\\/\"},{\"@type\":\"ListItem\",\"position\":2,\"name\":\"R\u00e9servation de vols\"}]},{\"@type\":\"WebSite\",\"@id\":\"https:\\\/\\\/www.iransafar.co\\\/fr\\\/#website\",\"url\":\"https:\\\/\\\/www.iransafar.co\\\/fr\\\/\",\"name\":\"Iran Safar \u2013 Agence de Voyage en Iran \u2013 Circuits Culturels &amp; Sur Mesure\",\"description\":\"Meilleure agence de voyage en Iran \u2013 Circuits sur mesure, culture, aventure et visa\",\"potentialAction\":[{\"@type\":\"SearchAction\",\"target\":{\"@type\":\"EntryPoint\",\"urlTemplate\":\"https:\\\/\\\/www.iransafar.co\\\/fr\\\/?s={search_term_string}\"},\"query-input\":{\"@type\":\"PropertyValueSpecification\",\"valueRequired\":true,\"valueName\":\"search_term_string\"}}],\"inLanguage\":\"fr-FR\"}]}<\/script>\n<!-- \/ Yoast SEO Premium plugin. -->","yoast_head_json":{"title":"R\u00e9servation de vols - Iran Safar \u2013 Agence de Voyage en Iran \u2013 Circuits Culturels &amp; Sur Mesure","description":"R\u00e9servez votre vol int\u00e9rieur en Iran avec Iran Safar Tours et nous vous fournirons notre assistance en direct 24h\/24 et 7\/7","robots":{"index":"index","follow":"follow","max-snippet":"max-snippet:-1","max-image-preview":"max-image-preview:large","max-video-preview":"max-video-preview:-1"},"canonical":"https:\/\/www.iransafar.co\/fr\/reservations-de-vol\/","og_locale":"fr_FR","og_type":"article","og_title":"R\u00e9servation de vols","og_description":"R\u00e9servez votre vol int\u00e9rieur en Iran avec Iran Safar Tours et nous vous fournirons notre assistance en direct 24h\/24 et 7\/7","og_url":"https:\/\/www.iransafar.co\/fr\/reservations-de-vol\/","og_site_name":"Iran Safar \u2013 Agence de Voyage en Iran \u2013 Circuits Culturels &amp; Sur Mesure","article_modified_time":"2026-01-03T09:28:10+00:00","og_image":[{"width":1000,"height":259,"url":"https:\/\/www.iransafar.co\/fr\/wp-content\/uploads\/2022\/08\/Flight-Page-2Heading.jpg","type":"image\/jpeg"}],"twitter_card":"summary_large_image","twitter_misc":{"Dur\u00e9e de lecture estim\u00e9e":"2 minutes"},"schema":{"@context":"https:\/\/schema.org","@graph":[{"@type":"WebPage","@id":"https:\/\/www.iransafar.co\/fr\/reservations-de-vol\/","url":"https:\/\/www.iransafar.co\/fr\/reservations-de-vol\/","name":"R\u00e9servation de vols - Iran Safar \u2013 Agence de Voyage en Iran \u2013 Circuits Culturels &amp; Sur Mesure","isPartOf":{"@id":"https:\/\/www.iransafar.co\/fr\/#website"},"primaryImageOfPage":{"@id":"https:\/\/www.iransafar.co\/fr\/reservations-de-vol\/#primaryimage"},"image":{"@id":"https:\/\/www.iransafar.co\/fr\/reservations-de-vol\/#primaryimage"},"thumbnailUrl":"https:\/\/www.iransafar.co\/fr\/wp-content\/uploads\/2022\/08\/Flight-Page-2Heading.jpg","datePublished":"2021-12-07T12:02:27+00:00","dateModified":"2026-01-03T09:28:10+00:00","description":"R\u00e9servez votre vol int\u00e9rieur en Iran avec Iran Safar Tours et nous vous fournirons notre assistance en direct 24h\/24 et 7\/7","breadcrumb":{"@id":"https:\/\/www.iransafar.co\/fr\/reservations-de-vol\/#breadcrumb"},"inLanguage":"fr-FR","potentialAction":[{"@type":"ReadAction","target":["https:\/\/www.iransafar.co\/fr\/reservations-de-vol\/"]}]},{"@type":"ImageObject","inLanguage":"fr-FR","@id":"https:\/\/www.iransafar.co\/fr\/reservations-de-vol\/#primaryimage","url":"https:\/\/www.iransafar.co\/fr\/wp-content\/uploads\/2022\/08\/Flight-Page-2Heading.jpg","contentUrl":"https:\/\/www.iransafar.co\/fr\/wp-content\/uploads\/2022\/08\/Flight-Page-2Heading.jpg","width":1000,"height":259,"caption":"vol en iran"},{"@type":"BreadcrumbList","@id":"https:\/\/www.iransafar.co\/fr\/reservations-de-vol\/#breadcrumb","itemListElement":[{"@type":"ListItem","position":1,"name":"Home","item":"https:\/\/www.iransafar.co\/fr\/"},{"@type":"ListItem","position":2,"name":"R\u00e9servation de vols"}]},{"@type":"WebSite","@id":"https:\/\/www.iransafar.co\/fr\/#website","url":"https:\/\/www.iransafar.co\/fr\/","name":"Iran Safar \u2013 Agence de Voyage en Iran \u2013 Circuits Culturels &amp; Sur Mesure","description":"Meilleure agence de voyage en Iran \u2013 Circuits sur mesure, culture, aventure et visa","potentialAction":[{"@type":"SearchAction","target":{"@type":"EntryPoint","urlTemplate":"https:\/\/www.iransafar.co\/fr\/?s={search_term_string}"},"query-input":{"@type":"PropertyValueSpecification","valueRequired":true,"valueName":"search_term_string"}}],"inLanguage":"fr-FR"}]}},"rttpg_featured_image_url":{"full":["https:\/\/www.iransafar.co\/fr\/wp-content\/uploads\/2022\/08\/Flight-Page-2Heading.jpg",1000,259,false],"landscape":["https:\/\/www.iransafar.co\/fr\/wp-content\/uploads\/2022\/08\/Flight-Page-2Heading.jpg",1000,259,false],"portraits":["https:\/\/www.iransafar.co\/fr\/wp-content\/uploads\/2022\/08\/Flight-Page-2Heading.jpg",1000,259,false],"thumbnail":["https:\/\/www.iransafar.co\/fr\/wp-content\/uploads\/2022\/08\/Flight-Page-2Heading-400x300.jpg",400,300,true],"medium":["https:\/\/www.iransafar.co\/fr\/wp-content\/uploads\/2022\/08\/Flight-Page-2Heading-800x600.jpg",800,600,true],"large":["https:\/\/www.iransafar.co\/fr\/wp-content\/uploads\/2022\/08\/Flight-Page-2Heading-1200x900.jpg",1200,900,true],"1536x1536":["https:\/\/www.iransafar.co\/fr\/wp-content\/uploads\/2022\/08\/Flight-Page-2Heading-1536x1536.jpg",1536,1536,true],"2048x2048":["https:\/\/www.iransafar.co\/fr\/wp-content\/uploads\/2022\/08\/Flight-Page-2Heading-2048x2048.jpg",2048,2048,true],"smart-post-landscape":["https:\/\/www.iransafar.co\/fr\/wp-content\/uploads\/2022\/08\/Flight-Page-2Heading-870x570.jpg",870,570,true],"smart-post-portrait":["https:\/\/www.iransafar.co\/fr\/wp-content\/uploads\/2022\/08\/Flight-Page-2Heading-600x900.jpg",600,900,true],"the_grid_size1":["https:\/\/www.iransafar.co\/fr\/wp-content\/uploads\/2022\/08\/Flight-Page-2Heading-500x500.jpg",500,500,true],"the_grid_size2":["https:\/\/www.iransafar.co\/fr\/wp-content\/uploads\/2022\/08\/Flight-Page-2Heading-500x1000.jpg",500,1000,true],"the_grid_size3":["https:\/\/www.iransafar.co\/fr\/wp-content\/uploads\/2022\/08\/Flight-Page-2Heading-1000x500.jpg",1000,500,true],"the_grid_size4":["https:\/\/www.iransafar.co\/fr\/wp-content\/uploads\/2022\/08\/Flight-Page-2Heading-1000x1000.jpg",1000,1000,true],"the_grid_size5":["https:\/\/www.iransafar.co\/fr\/wp-content\/uploads\/2022\/08\/Flight-Page-2Heading-500x99999.jpg",500,99999,true],"yarpp-thumbnail":["https:\/\/www.iransafar.co\/fr\/wp-content\/uploads\/2022\/08\/Flight-Page-2Heading-120x120.jpg",120,120,true]},"rttpg_author":{"display_name":"Iransafar Tours","author_link":"https:\/\/www.iransafar.co\/fr\/author\/admin\/"},"rttpg_comment":0,"rttpg_category":null,"rttpg_excerpt":"[vc_row][vc_column][vc_empty_space][\/vc_column][\/vc_row][vc_row][vc_column width=\u00a0\u00bb2\/3&Prime;][vc_column_text] R\u00e9servez vos vols int\u00e9rieurs en Iran en toute simplicit\u00e9 \u2708\ufe0f Vous pr\u00e9parez un voyage \u00e0 travers l\u2019Iran ? Avec Iran Safar Tours, la r\u00e9servation de vos vols int\u00e9rieurs n\u2019a jamais \u00e9t\u00e9 aussi facile. De T\u00e9h\u00e9ran \u00e0 Chiraz, d\u2019Ispahan \u00e0 Machhad, et partout ailleurs \u2013 nous vous proposons les meilleures options, les compagnies a\u00e9riennes\u2026","_links":{"self":[{"href":"https:\/\/www.iransafar.co\/fr\/wp-json\/wp\/v2\/pages\/15660","targetHints":{"allow":["GET"]}}],"collection":[{"href":"https:\/\/www.iransafar.co\/fr\/wp-json\/wp\/v2\/pages"}],"about":[{"href":"https:\/\/www.iransafar.co\/fr\/wp-json\/wp\/v2\/types\/page"}],"author":[{"embeddable":true,"href":"https:\/\/www.iransafar.co\/fr\/wp-json\/wp\/v2\/users\/1"}],"replies":[{"embeddable":true,"href":"https:\/\/www.iransafar.co\/fr\/wp-json\/wp\/v2\/comments?post=15660"}],"version-history":[{"count":17,"href":"https:\/\/www.iransafar.co\/fr\/wp-json\/wp\/v2\/pages\/15660\/revisions"}],"predecessor-version":[{"id":18810,"href":"https:\/\/www.iransafar.co\/fr\/wp-json\/wp\/v2\/pages\/15660\/revisions\/18810"}],"wp:featuredmedia":[{"embeddable":true,"href":"https:\/\/www.iransafar.co\/fr\/wp-json\/wp\/v2\/media\/16178"}],"wp:attachment":[{"href":"https:\/\/www.iransafar.co\/fr\/wp-json\/wp\/v2\/media?parent=15660"}],"curies":[{"name":"wp","href":"https:\/\/api.w.org\/{rel}","templated":true}]}}