{"id":16503,"date":"2024-02-15T15:13:16","date_gmt":"2024-02-15T11:43:16","guid":{"rendered":"https:\/\/www.iransafar.co\/fr\/?page_id=16503"},"modified":"2026-01-03T12:57:53","modified_gmt":"2026-01-03T09:27:53","slug":"transfert-aeroport","status":"publish","type":"page","link":"https:\/\/www.iransafar.co\/fr\/transfert-aeroport\/","title":{"rendered":"Transferts a\u00e9roport"},"content":{"rendered":"<div class=\"wpb-content-wrapper\">[vc_row][vc_column][vc_empty_space][\/vc_column][\/vc_row][vc_row][vc_column width=\u00a0\u00bb1\/2&Prime;][vc_column_text]\n<h1 data-start=\"119\" data-end=\"157\">Transfert A\u00e9roport \u2013 H\u00f4tel en Iran<\/h1>\n<p data-start=\"158\" data-end=\"425\">Nous proposons des <strong data-start=\"177\" data-end=\"227\">services de transfert fiables et personnalis\u00e9s<\/strong> entre l\u2019a\u00e9roport et votre h\u00f4tel (et inversement) partout en Iran. Nos <strong data-start=\"298\" data-end=\"341\">chauffeurs professionnels et chaleureux<\/strong> sont \u00e0 votre disposition pour vous garantir un d\u00e9but de voyage en toute s\u00e9r\u00e9nit\u00e9.<\/p>\n<hr data-start=\"427\" data-end=\"430\" \/>\n<h2 data-start=\"432\" data-end=\"471\">Transferts Priv\u00e9s de Ville \u00e0 Ville<\/h2>\n<p data-start=\"472\" data-end=\"656\">Voyagez confortablement entre plus de <strong data-start=\"510\" data-end=\"537\">50 destinations en Iran<\/strong> gr\u00e2ce \u00e0 nos voitures priv\u00e9es et minivans.<br data-start=\"579\" data-end=\"582\" \/>Choisir notre service de transfert de ville \u00e0 ville, c\u2019est profiter de :<\/p>\n<ul data-start=\"657\" data-end=\"852\">\n<li data-start=\"657\" data-end=\"705\">\n<p data-start=\"659\" data-end=\"705\"><strong data-start=\"659\" data-end=\"674\">Flexibilit\u00e9<\/strong> : voyagez selon votre rythme<\/p>\n<\/li>\n<li data-start=\"706\" data-end=\"780\">\n<p data-start=\"708\" data-end=\"780\">Du temps suppl\u00e9mentaire pour <strong data-start=\"737\" data-end=\"778\">vous d\u00e9tendre et admirer les paysages<\/strong><\/p>\n<\/li>\n<li data-start=\"781\" data-end=\"852\">\n<p data-start=\"783\" data-end=\"852\">Un trajet s\u00fbr et confortable assur\u00e9 par des chauffeurs exp\u00e9riment\u00e9s<\/p>\n<\/li>\n<\/ul>\n<hr data-start=\"854\" data-end=\"857\" \/>\n<h2 data-start=\"859\" data-end=\"894\">Transport Personnalis\u00e9 en Iran<\/h2>\n<p data-start=\"895\" data-end=\"1115\">Que ce soit pour un <strong data-start=\"915\" data-end=\"950\">voyage d\u2019affaires ou de loisirs<\/strong>, nos services priv\u00e9s couvrent tous vos besoins \u2014 toujours \u00e0 des <strong data-start=\"1015\" data-end=\"1037\">tarifs comp\u00e9titifs<\/strong>. Du voyageur individuel aux grands groupes, nous avons la solution adapt\u00e9e.<\/p>\n<hr data-start=\"1514\" data-end=\"1517\" \/>\n<h2 data-start=\"1519\" data-end=\"1561\">Toujours \u00e0 Vos C\u00f4t\u00e9s, Partout en Iran<\/h2>\n<p data-start=\"1562\" data-end=\"1698\">Pr\u00e9sents dans les principales villes du pays, nous vous offrons le <strong data-start=\"1629\" data-end=\"1676\">meilleur service de navette et de transfert<\/strong>, o\u00f9 que vous soyez.<\/p>\n<p data-start=\"1700\" data-end=\"1796\">\u2705 Tous les A\u00e9roports<br data-start=\"1720\" data-end=\"1723\" \/>\u2705 Tous les H\u00f4tels<br data-start=\"1740\" data-end=\"1743\" \/>\u2705 Toutes les Villes<br data-start=\"1762\" data-end=\"1765\" \/>\u2705 Tous les Types de Transport<\/p>\n[\/vc_column_text][\/vc_column][vc_column width=\u00a0\u00bb1\/2&Prime;]\n<div class=\"wpcf7 no-js\" id=\"wpcf7-f16502-o1\" lang=\"fr-FR\" dir=\"ltr\" data-wpcf7-id=\"16502\">\n<div class=\"screen-reader-response\"><p role=\"status\" aria-live=\"polite\" aria-atomic=\"true\"><\/p> <ul><\/ul><\/div>\n<form action=\"\/fr\/wp-json\/wp\/v2\/pages\/16503#wpcf7-f16502-o1\" method=\"post\" class=\"wpcf7-form init\" aria-label=\"Formulaire de contact\" novalidate=\"novalidate\" data-status=\"init\">\n<fieldset class=\"hidden-fields-container\"><input type=\"hidden\" name=\"_wpcf7\" value=\"16502\" \/><input type=\"hidden\" name=\"_wpcf7_version\" value=\"6.1.5\" \/><input type=\"hidden\" name=\"_wpcf7_locale\" value=\"fr_FR\" \/><input type=\"hidden\" name=\"_wpcf7_unit_tag\" value=\"wpcf7-f16502-o1\" \/><input type=\"hidden\" name=\"_wpcf7_container_post\" value=\"0\" \/><input type=\"hidden\" name=\"_wpcf7_posted_data_hash\" value=\"\" \/>\n<\/fieldset>\n<div class=\"st-contact-form\">\n\t<div class=\"contact-header\">\n\t\t<h2>R\u00e9servez votre transfert a\u00e9roport\n\t\t<\/h2>\n\t\t<p>Envoyez-nous votre demande et nous vous r\u00e9pondrons d\u00e8s que possible\n\t\t<\/p>\n\t<\/div>\n\t<div class=\"contact-form\">\n\t\t<div class=\"form-group\">\n\t\t\t<p><span class=\"wpcf7-form-control-wrap\" data-name=\"your-name\"><input size=\"40\" maxlength=\"400\" class=\"wpcf7-form-control wpcf7-text wpcf7-validates-as-required form-control\" aria-required=\"true\" aria-invalid=\"false\" placeholder=\"Nom complet*\" value=\"\" type=\"text\" name=\"your-name\" \/><\/span>\n\t\t\t<\/p>\n\t\t<\/div>\n\t\t<div class=\"row\">\n\t\t\t<div class=\"col-md-6\">\n\t\t\t\t<div class=\"form-group\">\n\t\t\t\t\t<p><span class=\"wpcf7-form-control-wrap\" data-name=\"your-email\"><input size=\"40\" maxlength=\"400\" class=\"wpcf7-form-control wpcf7-email wpcf7-validates-as-required wpcf7-text wpcf7-validates-as-email form-control\" aria-required=\"true\" aria-invalid=\"false\" placeholder=\"Email*\" value=\"\" type=\"email\" name=\"your-email\" \/><\/span>\n\t\t\t\t\t<\/p>\n\t\t\t\t<\/div>\n\t\t\t<\/div>\n\t\t\t<div class=\"col-md-6\">\n\t\t\t\t<div class=\"form-group\">\n\t\t\t\t\t<p><span class=\"wpcf7-form-control-wrap\" data-name=\"your-phone\"><input size=\"40\" maxlength=\"400\" class=\"wpcf7-form-control wpcf7-tel wpcf7-validates-as-required wpcf7-text wpcf7-validates-as-tel form-control\" aria-required=\"true\" aria-invalid=\"false\" placeholder=\"Num\u00e9ro de t\u00e9l\u00e9phone*\" value=\"\" type=\"tel\" name=\"your-phone\" \/><\/span>\n\t\t\t\t\t<\/p>\n\t\t\t\t<\/div>\n\t\t\t<\/div>\n\t\t<\/div>\n\t\t<div class=\"row\">\n\t\t\t<div class=\"col-md-6\">\n\t\t\t\t<div class=\"form-group\">\n\t\t\t\t\t<p><input type=\"text\" name=\"Pickupdate\" class=\"form-control walcf7-datetimepicker\" placeholder=\"Date et heure de prise en charge*\" required \/>\n\t\t\t\t\t<\/p>\n\t\t\t\t<\/div>\n\t\t\t<\/div>\n\t\t\t<div class=\"col-md-6\">\n\t\t\t\t<div class=\"form-group\">\n\t\t\t\t\t<p><span class=\"wpcf7-form-control-wrap\" data-name=\"number-of-passengers\"><input class=\"wpcf7-form-control wpcf7-number wpcf7-validates-as-required wpcf7-validates-as-number form-control\" min=\"1\" max=\"10\" aria-required=\"true\" aria-invalid=\"false\" placeholder=\"Nombre de passagers*\" value=\"\" type=\"number\" name=\"number-of-passengers\" \/><\/span>\n\t\t\t\t\t<\/p>\n\t\t\t\t<\/div>\n\t\t\t<\/div>\n\t\t<\/div>\n\t\t<div class=\"row\">\n\t\t\t<div class=\"col-md-6\">\n\t\t\t\t<div class=\"form-group\">\n\t\t\t\t\t<p><span class=\"wpcf7-form-control-wrap\" data-name=\"pick-up-point\"><input size=\"40\" maxlength=\"400\" class=\"wpcf7-form-control wpcf7-text wpcf7-validates-as-required form-control\" aria-required=\"true\" aria-invalid=\"false\" placeholder=\"Point de prise en charge*\" value=\"\" type=\"text\" name=\"pick-up-point\" \/><\/span>\n\t\t\t\t\t<\/p>\n\t\t\t\t<\/div>\n\t\t\t<\/div>\n\t\t\t<div class=\"col-md-6\">\n\t\t\t\t<div class=\"form-group\">\n\t\t\t\t\t<p><span class=\"wpcf7-form-control-wrap\" data-name=\"drop-off-location\"><input size=\"40\" maxlength=\"400\" class=\"wpcf7-form-control wpcf7-text wpcf7-validates-as-required form-control\" aria-required=\"true\" aria-invalid=\"false\" placeholder=\"Lieu\/adresse de d\u00e9pose*\" value=\"\" type=\"text\" name=\"drop-off-location\" \/><\/span>\n\t\t\t\t\t<\/p>\n\t\t\t\t<\/div>\n\t\t\t<\/div>\n\t\t<\/div>\n\t\t<div class=\"row\">\n\t\t\t<div class=\"col-md-6\">\n\t\t\t\t<div class=\"form-group\">\n\t\t\t\t\t<p><span class=\"wpcf7-form-control-wrap\" data-name=\"airline\"><input size=\"40\" maxlength=\"400\" class=\"wpcf7-form-control wpcf7-text wpcf7-validates-as-required form-control\" aria-required=\"true\" aria-invalid=\"false\" placeholder=\"Compagnie a\u00e9rienne*\" value=\"\" type=\"text\" name=\"airline\" \/><\/span>\n\t\t\t\t\t<\/p>\n\t\t\t\t<\/div>\n\t\t\t<\/div>\n\t\t\t<div class=\"col-md-6\">\n\t\t\t\t<div class=\"form-group\">\n\t\t\t\t\t<p><span class=\"wpcf7-form-control-wrap\" data-name=\"flight-number\"><input size=\"40\" maxlength=\"400\" class=\"wpcf7-form-control wpcf7-text wpcf7-validates-as-required form-control\" aria-required=\"true\" aria-invalid=\"false\" placeholder=\"Num\u00e9ro de vol*\" value=\"\" type=\"text\" name=\"flight-number\" \/><\/span>\n\t\t\t\t\t<\/p>\n\t\t\t\t<\/div>\n\t\t\t<\/div>\n\t\t<\/div>\n\t\t<div class=\"form-group\">\n\t\t\t<p><span class=\"wpcf7-form-control-wrap\" data-name=\"special-request\"><textarea cols=\"40\" rows=\"10\" maxlength=\"2000\" class=\"wpcf7-form-control wpcf7-textarea form-control\" aria-invalid=\"false\" placeholder=\"Demande sp\u00e9ciale\" name=\"special-request\"><\/textarea><\/span>\n\t\t\t<\/p>\n\t\t<\/div>\n\t\t<div class=\"form-group\">\n\t\t\t<p><input class=\"wpcf7-form-control wpcf7-submit has-spinner btn btn-primary\" type=\"submit\" value=\"ENVOYER UNE DEMANDE\" \/>\n\t\t\t<\/p>\n\t\t<\/div>\n\t<\/div>\n<\/div><p style=\"display: none !important;\" class=\"akismet-fields-container\" data-prefix=\"_wpcf7_ak_\"><label>&#916;<textarea name=\"_wpcf7_ak_hp_textarea\" cols=\"45\" rows=\"8\" maxlength=\"100\"><\/textarea><\/label><input type=\"hidden\" id=\"ak_js_1\" name=\"_wpcf7_ak_js\" value=\"212\"\/><script type=\"text\/javascript\">\n\/* <![CDATA[ *\/\ndocument.getElementById( \"ak_js_1\" ).setAttribute( \"value\", ( new Date() ).getTime() );\n\/* ]]> *\/\n<\/script>\n<\/p><div class=\"wpcf7-response-output\" aria-hidden=\"true\"><\/div>\n<\/form>\n<\/div>\n[\/vc_column][\/vc_row][vc_row][vc_column][vc_column_text]\n<h2 data-start=\"1803\" data-end=\"1839\">Pourquoi Choisir Nos Services ?<\/h2>\n<p data-start=\"1840\" data-end=\"1952\">Nous nous engageons \u00e0 vous offrir un <strong data-start=\"1877\" data-end=\"1920\">transfert fiable, abordable et agr\u00e9able<\/strong> pour toutes vos destinations.<\/p>\n<ul data-start=\"1954\" data-end=\"2237\">\n<li data-start=\"1954\" data-end=\"2007\">\n<p data-start=\"1956\" data-end=\"2007\"><strong data-start=\"1956\" data-end=\"1973\">Service Priv\u00e9<\/strong> \u2013 selon vos horaires et besoins<\/p>\n<\/li>\n<li data-start=\"2008\" data-end=\"2076\">\n<p data-start=\"2010\" data-end=\"2076\"><strong data-start=\"2010\" data-end=\"2039\">Chauffeurs Professionnels<\/strong> \u2013 ponctuels, polis et exp\u00e9riment\u00e9s<\/p>\n<\/li>\n<li data-start=\"2077\" data-end=\"2155\">\n<p data-start=\"2079\" data-end=\"2155\"><strong data-start=\"2079\" data-end=\"2103\">Solutions sur Mesure<\/strong> \u2013 pour voyageurs individuels, familles ou groupes<\/p>\n<\/li>\n<li data-start=\"2156\" data-end=\"2237\">\n<p data-start=\"2158\" data-end=\"2237\"><strong data-start=\"2158\" data-end=\"2183\">Autocars pour Groupes<\/strong> \u2013 parfaits pour \u00e9v\u00e9nements, conf\u00e9rences ou circuits<\/p>\n<\/li>\n<\/ul>\n<hr data-start=\"2239\" data-end=\"2242\" \/>\n<p data-start=\"2244\" data-end=\"2341\">\u2728 Voyagez l\u2019esprit tranquille : r\u00e9servez d\u00e8s aujourd\u2019hui votre <strong data-start=\"2307\" data-end=\"2337\">transfert a\u00e9roport en Iran<\/strong> !<\/p>\n[\/vc_column_text][\/vc_column][\/vc_row]\n<\/div>","protected":false},"excerpt":{"rendered":"<p>[vc_row][vc_column][vc_empty_space][\/vc_column][\/vc_row][vc_row][vc_column width=\u00a0\u00bb1\/2&Prime;][vc_column_text] Transfert A\u00e9roport \u2013 H\u00f4tel en Iran Nous proposons des services de transfert fiables et personnalis\u00e9s entre l\u2019a\u00e9roport et votre h\u00f4tel (et inversement) partout en Iran. Nos chauffeurs professionnels et chaleureux sont \u00e0 votre disposition pour vous garantir un d\u00e9but de voyage en toute s\u00e9r\u00e9nit\u00e9. Transferts Priv\u00e9s de Ville \u00e0 Ville Voyagez confortablement entre [&hellip;]<\/p>\n","protected":false},"author":1,"featured_media":16510,"parent":0,"menu_order":0,"comment_status":"closed","ping_status":"closed","template":"template-home-modern.php","meta":{"footnotes":""},"class_list":["post-16503","page","type-page","status-publish","has-post-thumbnail","hentry"],"yoast_head":"<!-- This site is optimized with the Yoast SEO Premium plugin v20.8 (Yoast SEO v27.5) - https:\/\/yoast.com\/product\/yoast-seo-premium-wordpress\/ -->\n<title>Transferts a\u00e9roport - Iran Safar \u2013 Agence de Voyage en Iran \u2013 Circuits Culturels &amp; Sur Mesure<\/title>\n<meta name=\"description\" content=\"Notre entreprise offre des services adapt\u00e9s et fiables pour vos demandes de transfert A\u00e9roport\/H\u00f4tel ou tout autre type de transport en Iran.\" \/>\n<meta name=\"robots\" content=\"index, follow, max-snippet:-1, max-image-preview:large, max-video-preview:-1\" \/>\n<link rel=\"canonical\" href=\"https:\/\/www.iransafar.co\/fr\/transfert-aeroport\/\" \/>\n<meta property=\"og:locale\" content=\"fr_FR\" \/>\n<meta property=\"og:type\" content=\"article\" \/>\n<meta property=\"og:title\" content=\"Transferts a\u00e9roport\" \/>\n<meta property=\"og:description\" content=\"Notre entreprise offre des services adapt\u00e9s et fiables pour vos demandes de transfert A\u00e9roport\/H\u00f4tel ou tout autre type de transport en Iran.\" \/>\n<meta property=\"og:url\" content=\"https:\/\/www.iransafar.co\/fr\/transfert-aeroport\/\" \/>\n<meta property=\"og:site_name\" content=\"Iran Safar \u2013 Agence de Voyage en Iran \u2013 Circuits Culturels &amp; Sur Mesure\" \/>\n<meta property=\"article:modified_time\" content=\"2026-01-03T09:27:53+00:00\" \/>\n<meta property=\"og:image\" content=\"https:\/\/www.iransafar.co\/fr\/wp-content\/uploads\/2024\/02\/transfert-aeroport.jpg\" \/>\n\t<meta property=\"og:image:width\" content=\"1000\" \/>\n\t<meta property=\"og:image:height\" content=\"143\" \/>\n\t<meta property=\"og:image:type\" content=\"image\/jpeg\" \/>\n<meta name=\"twitter:card\" content=\"summary_large_image\" \/>\n<meta name=\"twitter:label1\" content=\"Dur\u00e9e de lecture estim\u00e9e\" \/>\n\t<meta name=\"twitter:data1\" content=\"2 minutes\" \/>\n<script type=\"application\/ld+json\" class=\"yoast-schema-graph\">{\"@context\":\"https:\\\/\\\/schema.org\",\"@graph\":[{\"@type\":\"WebPage\",\"@id\":\"https:\\\/\\\/www.iransafar.co\\\/fr\\\/transfert-aeroport\\\/\",\"url\":\"https:\\\/\\\/www.iransafar.co\\\/fr\\\/transfert-aeroport\\\/\",\"name\":\"Transferts a\u00e9roport - Iran Safar \u2013 Agence de Voyage en Iran \u2013 Circuits Culturels &amp; Sur Mesure\",\"isPartOf\":{\"@id\":\"https:\\\/\\\/www.iransafar.co\\\/fr\\\/#website\"},\"primaryImageOfPage\":{\"@id\":\"https:\\\/\\\/www.iransafar.co\\\/fr\\\/transfert-aeroport\\\/#primaryimage\"},\"image\":{\"@id\":\"https:\\\/\\\/www.iransafar.co\\\/fr\\\/transfert-aeroport\\\/#primaryimage\"},\"thumbnailUrl\":\"https:\\\/\\\/www.iransafar.co\\\/fr\\\/wp-content\\\/uploads\\\/2024\\\/02\\\/transfert-aeroport.jpg\",\"datePublished\":\"2024-02-15T11:43:16+00:00\",\"dateModified\":\"2026-01-03T09:27:53+00:00\",\"description\":\"Notre entreprise offre des services adapt\u00e9s et fiables pour vos demandes de transfert A\u00e9roport\\\/H\u00f4tel ou tout autre type de transport en Iran.\",\"breadcrumb\":{\"@id\":\"https:\\\/\\\/www.iransafar.co\\\/fr\\\/transfert-aeroport\\\/#breadcrumb\"},\"inLanguage\":\"fr-FR\",\"potentialAction\":[{\"@type\":\"ReadAction\",\"target\":[\"https:\\\/\\\/www.iransafar.co\\\/fr\\\/transfert-aeroport\\\/\"]}]},{\"@type\":\"ImageObject\",\"inLanguage\":\"fr-FR\",\"@id\":\"https:\\\/\\\/www.iransafar.co\\\/fr\\\/transfert-aeroport\\\/#primaryimage\",\"url\":\"https:\\\/\\\/www.iransafar.co\\\/fr\\\/wp-content\\\/uploads\\\/2024\\\/02\\\/transfert-aeroport.jpg\",\"contentUrl\":\"https:\\\/\\\/www.iransafar.co\\\/fr\\\/wp-content\\\/uploads\\\/2024\\\/02\\\/transfert-aeroport.jpg\",\"width\":1000,\"height\":143,\"caption\":\"transfert aeroport\"},{\"@type\":\"BreadcrumbList\",\"@id\":\"https:\\\/\\\/www.iransafar.co\\\/fr\\\/transfert-aeroport\\\/#breadcrumb\",\"itemListElement\":[{\"@type\":\"ListItem\",\"position\":1,\"name\":\"Home\",\"item\":\"https:\\\/\\\/www.iransafar.co\\\/fr\\\/\"},{\"@type\":\"ListItem\",\"position\":2,\"name\":\"Transferts a\u00e9roport\"}]},{\"@type\":\"WebSite\",\"@id\":\"https:\\\/\\\/www.iransafar.co\\\/fr\\\/#website\",\"url\":\"https:\\\/\\\/www.iransafar.co\\\/fr\\\/\",\"name\":\"Iran Safar \u2013 Agence de Voyage en Iran \u2013 Circuits Culturels &amp; Sur Mesure\",\"description\":\"Meilleure agence de voyage en Iran \u2013 Circuits sur mesure, culture, aventure et visa\",\"potentialAction\":[{\"@type\":\"SearchAction\",\"target\":{\"@type\":\"EntryPoint\",\"urlTemplate\":\"https:\\\/\\\/www.iransafar.co\\\/fr\\\/?s={search_term_string}\"},\"query-input\":{\"@type\":\"PropertyValueSpecification\",\"valueRequired\":true,\"valueName\":\"search_term_string\"}}],\"inLanguage\":\"fr-FR\"}]}<\/script>\n<!-- \/ Yoast SEO Premium plugin. -->","yoast_head_json":{"title":"Transferts a\u00e9roport - Iran Safar \u2013 Agence de Voyage en Iran \u2013 Circuits Culturels &amp; Sur Mesure","description":"Notre entreprise offre des services adapt\u00e9s et fiables pour vos demandes de transfert A\u00e9roport\/H\u00f4tel ou tout autre type de transport en Iran.","robots":{"index":"index","follow":"follow","max-snippet":"max-snippet:-1","max-image-preview":"max-image-preview:large","max-video-preview":"max-video-preview:-1"},"canonical":"https:\/\/www.iransafar.co\/fr\/transfert-aeroport\/","og_locale":"fr_FR","og_type":"article","og_title":"Transferts a\u00e9roport","og_description":"Notre entreprise offre des services adapt\u00e9s et fiables pour vos demandes de transfert A\u00e9roport\/H\u00f4tel ou tout autre type de transport en Iran.","og_url":"https:\/\/www.iransafar.co\/fr\/transfert-aeroport\/","og_site_name":"Iran Safar \u2013 Agence de Voyage en Iran \u2013 Circuits Culturels &amp; Sur Mesure","article_modified_time":"2026-01-03T09:27:53+00:00","og_image":[{"width":1000,"height":143,"url":"https:\/\/www.iransafar.co\/fr\/wp-content\/uploads\/2024\/02\/transfert-aeroport.jpg","type":"image\/jpeg"}],"twitter_card":"summary_large_image","twitter_misc":{"Dur\u00e9e de lecture estim\u00e9e":"2 minutes"},"schema":{"@context":"https:\/\/schema.org","@graph":[{"@type":"WebPage","@id":"https:\/\/www.iransafar.co\/fr\/transfert-aeroport\/","url":"https:\/\/www.iransafar.co\/fr\/transfert-aeroport\/","name":"Transferts a\u00e9roport - Iran Safar \u2013 Agence de Voyage en Iran \u2013 Circuits Culturels &amp; Sur Mesure","isPartOf":{"@id":"https:\/\/www.iransafar.co\/fr\/#website"},"primaryImageOfPage":{"@id":"https:\/\/www.iransafar.co\/fr\/transfert-aeroport\/#primaryimage"},"image":{"@id":"https:\/\/www.iransafar.co\/fr\/transfert-aeroport\/#primaryimage"},"thumbnailUrl":"https:\/\/www.iransafar.co\/fr\/wp-content\/uploads\/2024\/02\/transfert-aeroport.jpg","datePublished":"2024-02-15T11:43:16+00:00","dateModified":"2026-01-03T09:27:53+00:00","description":"Notre entreprise offre des services adapt\u00e9s et fiables pour vos demandes de transfert A\u00e9roport\/H\u00f4tel ou tout autre type de transport en Iran.","breadcrumb":{"@id":"https:\/\/www.iransafar.co\/fr\/transfert-aeroport\/#breadcrumb"},"inLanguage":"fr-FR","potentialAction":[{"@type":"ReadAction","target":["https:\/\/www.iransafar.co\/fr\/transfert-aeroport\/"]}]},{"@type":"ImageObject","inLanguage":"fr-FR","@id":"https:\/\/www.iransafar.co\/fr\/transfert-aeroport\/#primaryimage","url":"https:\/\/www.iransafar.co\/fr\/wp-content\/uploads\/2024\/02\/transfert-aeroport.jpg","contentUrl":"https:\/\/www.iransafar.co\/fr\/wp-content\/uploads\/2024\/02\/transfert-aeroport.jpg","width":1000,"height":143,"caption":"transfert aeroport"},{"@type":"BreadcrumbList","@id":"https:\/\/www.iransafar.co\/fr\/transfert-aeroport\/#breadcrumb","itemListElement":[{"@type":"ListItem","position":1,"name":"Home","item":"https:\/\/www.iransafar.co\/fr\/"},{"@type":"ListItem","position":2,"name":"Transferts a\u00e9roport"}]},{"@type":"WebSite","@id":"https:\/\/www.iransafar.co\/fr\/#website","url":"https:\/\/www.iransafar.co\/fr\/","name":"Iran Safar \u2013 Agence de Voyage en Iran \u2013 Circuits Culturels &amp; Sur Mesure","description":"Meilleure agence de voyage en Iran \u2013 Circuits sur mesure, culture, aventure et visa","potentialAction":[{"@type":"SearchAction","target":{"@type":"EntryPoint","urlTemplate":"https:\/\/www.iransafar.co\/fr\/?s={search_term_string}"},"query-input":{"@type":"PropertyValueSpecification","valueRequired":true,"valueName":"search_term_string"}}],"inLanguage":"fr-FR"}]}},"rttpg_featured_image_url":{"full":["https:\/\/www.iransafar.co\/fr\/wp-content\/uploads\/2024\/02\/transfert-aeroport.jpg",1000,143,false],"landscape":["https:\/\/www.iransafar.co\/fr\/wp-content\/uploads\/2024\/02\/transfert-aeroport.jpg",1000,143,false],"portraits":["https:\/\/www.iransafar.co\/fr\/wp-content\/uploads\/2024\/02\/transfert-aeroport.jpg",1000,143,false],"thumbnail":["https:\/\/www.iransafar.co\/fr\/wp-content\/uploads\/2024\/02\/transfert-aeroport-400x300.jpg",400,300,true],"medium":["https:\/\/www.iransafar.co\/fr\/wp-content\/uploads\/2024\/02\/transfert-aeroport-800x600.jpg",800,600,true],"large":["https:\/\/www.iransafar.co\/fr\/wp-content\/uploads\/2024\/02\/transfert-aeroport-1200x900.jpg",1200,900,true],"1536x1536":["https:\/\/www.iransafar.co\/fr\/wp-content\/uploads\/2024\/02\/transfert-aeroport-1536x1536.jpg",1536,1536,true],"2048x2048":["https:\/\/www.iransafar.co\/fr\/wp-content\/uploads\/2024\/02\/transfert-aeroport-2048x2048.jpg",2048,2048,true],"smart-post-landscape":["https:\/\/www.iransafar.co\/fr\/wp-content\/uploads\/2024\/02\/transfert-aeroport-870x570.jpg",870,570,true],"smart-post-portrait":["https:\/\/www.iransafar.co\/fr\/wp-content\/uploads\/2024\/02\/transfert-aeroport-600x900.jpg",600,900,true],"the_grid_size1":["https:\/\/www.iransafar.co\/fr\/wp-content\/uploads\/2024\/02\/transfert-aeroport-500x500.jpg",500,500,true],"the_grid_size2":["https:\/\/www.iransafar.co\/fr\/wp-content\/uploads\/2024\/02\/transfert-aeroport-500x1000.jpg",500,1000,true],"the_grid_size3":["https:\/\/www.iransafar.co\/fr\/wp-content\/uploads\/2024\/02\/transfert-aeroport-1000x500.jpg",1000,500,true],"the_grid_size4":["https:\/\/www.iransafar.co\/fr\/wp-content\/uploads\/2024\/02\/transfert-aeroport-1000x1000.jpg",1000,1000,true],"the_grid_size5":["https:\/\/www.iransafar.co\/fr\/wp-content\/uploads\/2024\/02\/transfert-aeroport-500x99999.jpg",500,99999,true],"yarpp-thumbnail":["https:\/\/www.iransafar.co\/fr\/wp-content\/uploads\/2024\/02\/transfert-aeroport-120x120.jpg",120,120,true]},"rttpg_author":{"display_name":"Iransafar Tours","author_link":"https:\/\/www.iransafar.co\/fr\/author\/admin\/"},"rttpg_comment":0,"rttpg_category":null,"rttpg_excerpt":"[vc_row][vc_column][vc_empty_space][\/vc_column][\/vc_row][vc_row][vc_column width=\u00a0\u00bb1\/2&Prime;][vc_column_text] Transfert A\u00e9roport \u2013 H\u00f4tel en Iran Nous proposons des services de transfert fiables et personnalis\u00e9s entre l\u2019a\u00e9roport et votre h\u00f4tel (et inversement) partout en Iran. Nos chauffeurs professionnels et chaleureux sont \u00e0 votre disposition pour vous garantir un d\u00e9but de voyage en toute s\u00e9r\u00e9nit\u00e9. Transferts Priv\u00e9s de Ville \u00e0 Ville Voyagez confortablement entre\u2026","_links":{"self":[{"href":"https:\/\/www.iransafar.co\/fr\/wp-json\/wp\/v2\/pages\/16503","targetHints":{"allow":["GET"]}}],"collection":[{"href":"https:\/\/www.iransafar.co\/fr\/wp-json\/wp\/v2\/pages"}],"about":[{"href":"https:\/\/www.iransafar.co\/fr\/wp-json\/wp\/v2\/types\/page"}],"author":[{"embeddable":true,"href":"https:\/\/www.iransafar.co\/fr\/wp-json\/wp\/v2\/users\/1"}],"replies":[{"embeddable":true,"href":"https:\/\/www.iransafar.co\/fr\/wp-json\/wp\/v2\/comments?post=16503"}],"version-history":[{"count":11,"href":"https:\/\/www.iransafar.co\/fr\/wp-json\/wp\/v2\/pages\/16503\/revisions"}],"predecessor-version":[{"id":18809,"href":"https:\/\/www.iransafar.co\/fr\/wp-json\/wp\/v2\/pages\/16503\/revisions\/18809"}],"wp:featuredmedia":[{"embeddable":true,"href":"https:\/\/www.iransafar.co\/fr\/wp-json\/wp\/v2\/media\/16510"}],"wp:attachment":[{"href":"https:\/\/www.iransafar.co\/fr\/wp-json\/wp\/v2\/media?parent=16503"}],"curies":[{"name":"wp","href":"https:\/\/api.w.org\/{rel}","templated":true}]}}