{"id":8028,"date":"2018-12-10T03:06:47","date_gmt":"2018-12-10T03:06:47","guid":{"rendered":"http:\/\/travelhotel.wpengine.com\/?page_id=8028"},"modified":"2026-01-03T13:03:21","modified_gmt":"2026-01-03T09:33:21","slug":"a-propos","status":"publish","type":"page","link":"https:\/\/www.iransafar.co\/fr\/a-propos\/","title":{"rendered":"Qui sommes-nous"},"content":{"rendered":"<div class=\"wpb-content-wrapper\">[vc_row][vc_column][vc_empty_space height=\u00a0\u00bb20px\u00a0\u00bb][\/vc_column][\/vc_row][vc_row css=\u00a0\u00bb.vc_custom_1641496383776{background-image: url(https:\/\/www.iransafar.co\/fr\/wp-content\/uploads\/2022\/01\/1641496268397.jpg?id=15929) !important;background-position: center !important;background-repeat: no-repeat !important;background-size: cover !important;}\u00a0\u00bb][vc_column width=\u00a0\u00bb1\/2&Prime;][vc_column_text]\n<h2><span style=\"color: #000080;\">\u064eAgence de voyage d&rsquo;Iran Safar<\/span><\/h2>\n[\/vc_column_text][vc_column_text]Certifi\u00e9e par le minist\u00e8re iranien du tourisme en 1994, l\u2019agence de voyage <strong>Iran Safar<\/strong> (ISTA) est l\u2019une des agences les plus respect\u00e9es et l\u2019un des principaux voyagistes r\u00e9ceptifs d\u2019Iran. Notre objectif a toujours \u00e9t\u00e9 de satisfaire nos clients en leur offrant un service de haute qualit\u00e9. Plus de 20 ans d\u2019exp\u00e9rience dans la personnalisation de circuits entrants nous permettent de fournir des services de voyage exceptionnels \u00e0 ceux qui s\u2019int\u00e9ressent particuli\u00e8rement \u00e0 la culture, \u00e0 l\u2019arch\u00e9ologie, \u00e0 l\u2019architecture et \u00e0 la nature.<\/p>\n<p>Notre personnel comp\u00e9tent travaille sans rel\u00e2che pour proposer des forfaits vacances, des billets d\u2019avion nationaux et internationaux, des r\u00e9servations d\u2019h\u00f4tels ainsi que des guides touristiques exp\u00e9riment\u00e9s. Nos sp\u00e9cialistes vous offrent une grande vari\u00e9t\u00e9 de circuits dans diff\u00e9rents domaines, conseillent des touristes individuels et cr\u00e9ent des itin\u00e9raires personnalis\u00e9s pour ceux qui souhaitent d\u00e9couvrir l\u2019Iran sous diff\u00e9rentes perspectives.<\/p>\n<p>Nous sommes convaincus que vous vivrez un voyage m\u00e9morable en choisissant notre agence pour votre visite en Iran ; vous m\u00e9ritez le meilleur ![\/vc_column_text][vc_empty_space][\/vc_column][\/vc_row][vc_row][vc_column][vc_separator][vc_empty_space height=\u00a0\u00bb60px\u00a0\u00bb][\/vc_column][\/vc_row][vc_row][vc_column width=\u00a0\u00bb5\/12&Prime;][vc_column_text]\n<h2>Mission &amp; Vision<\/h2>\n[\/vc_column_text][vc_column_text]Notre objectif d&rsquo;\u00eatre une agence de voyage de premier plan, nous a toujours conduit \u00e0 travailler dur afin de satisfaire nos clients avec un service de haute qualit\u00e9. L&rsquo;\u00e9quipe qualifi\u00e9e du d\u00e9partement r\u00e9ceptif d\u2019Iran Safar et son attention aux d\u00e9tails et aux op\u00e9rations, garantissent la qualit\u00e9 des circuits et des services de voyage et en font une exp\u00e9rience merveilleuse pour vous.[\/vc_column_text][vc_empty_space height=\u00a0\u00bb50px\u00a0\u00bb][vc_single_image image=\u00a0\u00bb15930&Prime;][\/vc_column][vc_column width=\u00a0\u00bb1\/12&Prime;][\/vc_column][vc_column width=\u00a0\u00bb6\/12&Prime;][vc_column_text]\n<h2>Nos services<\/h2>\n[\/vc_column_text][vc_column_text]<div class=\"su-service\"><div class=\"su-service-title\" style=\"padding-left:38px;min-height:24px;line-height:24px\"><i class=\"sui sui-flag\" style=\"font-size:24px;color:#4c4c4c\"><\/i> LES CIRCUITS<\/div><div class=\"su-service-content su-u-clearfix su-u-trim\" style=\"padding-left:38px\">Iransafar Tours offre un large \u00e9ventail de circuits culturels, de voyages d\u2019aventure comme le ski ou l\u2019ascension des montagnes, bivouac dans le d\u00e9sert, excursions chez les nomades. Tout cela adapt\u00e9 \u00e0 votre go\u00fbt, votre int\u00e9r\u00eat et votre budget.<\/div><\/div>\n<div class=\"su-service\"><div class=\"su-service-title\" style=\"padding-left:38px;min-height:24px;line-height:24px\"><i class=\"sui sui-address-card-o\" style=\"font-size:24px;color:#4c4c4c\"><\/i> VISA<\/div><div class=\"su-service-content su-u-clearfix su-u-trim\" style=\"padding-left:38px\">La plupart des nationalit\u00e9s a besoin d\u2019un visa pour entrer sur le territoire iranien. Notre d\u00e9partement de visa Iransafar Tours aide les clients \u00e0 obtenir le code de r\u00e9f\u00e9rence E-Visa.<br \/>\nPour de plus amples renseignements, veuillez visiter <a href=\"https:\/\/www.iransafar.co\/fr\/visa-iranien\/\">Notre service de visa <\/a><\/div><\/div>\n<div class=\"su-service\"><div class=\"su-service-title\" style=\"padding-left:38px;min-height:24px;line-height:24px\"><i class=\"sui sui-hotel\" style=\"font-size:24px;color:#4c4c4c\"><\/i> R\u00c9SERVATION D\u2019H\u00d4TELS<\/div><div class=\"su-service-content su-u-clearfix su-u-trim\" style=\"padding-left:38px\">Afin de r\u00e9server les h\u00f4tels, caravans\u00e9rails ou h\u00e9bergements chez l\u2019habitant, vous pouvez simplement contacter nos sp\u00e9cialistes \u00e0 l\u2019adresse suivante : info@iransafar.co <\/div><\/div>\n<div class=\"su-service\"><div class=\"su-service-title\" style=\"padding-left:38px;min-height:24px;line-height:24px\"><i class=\"sui sui-car\" style=\"font-size:24px;color:#4c4c4c\"><\/i> TRANSPORT<\/div><div class=\"su-service-content su-u-clearfix su-u-trim\" style=\"padding-left:38px\">Pour la plupart de nos voyages de longues distances ainsi que les transferts a\u00e9roport, nous utilisons des v\u00e9hicules confortables et climatis\u00e9s conduit par des conducteurs exp\u00e9riment\u00e9s.<br \/>\nDans les endroits, comme le d\u00e9sert ou les routes montagneuses, vous voyagez en 4X4.<br \/>\nPour les s\u00e9jours individuels, nous proposons \u00e9galement des voitures avec chauffeur guide francophone pour offrir un maximum de flexibilit\u00e9.<\/div><\/div>\n<div class=\"su-service\"><div class=\"su-service-title\" style=\"padding-left:42px;min-height:28px;line-height:28px\"><i class=\"sui sui-plane\" style=\"font-size:28px;color:#4c4c4c\"><\/i> R\u00c9SERVATION DE VOL<\/div><div class=\"su-service-content su-u-clearfix su-u-trim\" style=\"padding-left:42px\">Nous r\u00e9servons les meilleurs vols internes pour les groupes ou les individuels. Vous pouvez r\u00e9server les billets de toutes les compagnies a\u00e9riennes comme : <em>Iran Air<\/em>, <em>Mahan<\/em> ou <em>Aseman<\/em> avec notre <a href=\"https:\/\/www.iransafar.co\/fr\/reservations-de-vol\/\">systeme de reservation<\/a> en ligne.<\/div><\/div>[\/vc_column_text][\/vc_column][\/vc_row][vc_row][vc_column][vc_separator][\/vc_column][\/vc_row][vc_row][vc_column][vc_wp_text title=\u00a0\u00bbQui sommes-nous ?\u00a0\u00bb]Malgr\u00e9 des centaines d\u2019attractions historiques et naturelles en Iran, l\u2019industrie du tourisme est relativement jeune dans le pays.<br \/>\nAu cours des deux derni\u00e8res d\u00e9cennies, nous avons \u00e9t\u00e9 t\u00e9moin de la mani\u00e8re prodigieuse dont elle pouvait cro\u00eetre et se d\u00e9velopper gr\u00e2ce aux am\u00e9liorations des infrastructures, du travail acharn\u00e9 du<br \/>\nsecteur touristique et \u00e0 une plus grande diversification.<\/p>\n<p>Fond\u00e9e en 1994, l\u2019agence de voyage \u00ab <em><strong>Iransafar Tours<\/strong><\/em> \u00bb fut l\u2019une des premi\u00e8res agences sp\u00e9cialis\u00e9es pour les circuits \u00e0 la carte et sur mesure en Iran.<\/p>\n<p>Notre \u00e9quipe r\u00e9active et comp\u00e9titive, qui a une tr\u00e8s bonne connaissance du pays, vous propose une grande vari\u00e9t\u00e9 de circuits diff\u00e9rents dans plusieurs domaines.<br \/>\n30 ann\u00e9es d\u2019exp\u00e9rience professionnelle nous aident \u00e0 fournir des services de voyage de haut niveau aux voyageurs qui sont particuli\u00e8rement int\u00e9ress\u00e9s par la culture, l\u2019arch\u00e9ologie, l\u2019architecture ou la nature.<\/p>\n<p>L\u2019\u00e9quipe qualifi\u00e9e d\u2019<em><strong>Iransafar Tours<\/strong><\/em> garanti la qualit\u00e9 des visites et des services de voyage et en retient une exp\u00e9rience formidable pour votre s\u00e9jour.<\/p>\n<p>Nos clients, du monde entier, font confiance \u00e0 notre c\u00e9l\u00e8bre hospitalit\u00e9 iranienne, \u00e0 nos connaissances et \u00e0 notre professionnalisme.<\/p>\n<p><strong><em>Iransafar Tours<\/em><\/strong> vous salue chaleureusement et vous invite au \u00ab <strong>Pays de l\u2019art et de la culture<\/strong> \u00bb.[\/vc_wp_text][\/vc_column][\/vc_row][vc_row][vc_column][vc_separator][\/vc_column][\/vc_row][vc_row][vc_column][vc_single_image image=\u00a0\u00bb15934&Prime; img_size=\u00a0\u00bbfull\u00a0\u00bb css=\u00a0\u00bb.vc_custom_1641497670632{background-position: center !important;background-repeat: no-repeat !important;background-size: cover !important;}\u00a0\u00bb][\/vc_column][\/vc_row][vc_row][vc_column][vc_wp_text title=\u00a0\u00bbPourquoi voyager avec nous ?\u00a0\u00bb]Lors de la planification d\u2019un voyage vers une nouvelle destination, de nombreux facteurs doivent \u00eatre pris en compte.<br \/>\nNotre souci du d\u00e9tail et nos op\u00e9rateurs sur le terrain vous garantissent une exp\u00e9rience m\u00e9morable. Nous prenons toutes les pr\u00e9cautions pour assurer une logistique fluide. Les v\u00e9hicules et nos \u00e9quipements sont renouvel\u00e9s r\u00e9guli\u00e8rement pour \u00eatre les meilleurs sur le march\u00e9.<br \/>\nVous serez accompagn\u00e9s par des guides dont les connaissances et la passion de la r\u00e9gion ajouteront une dimension unique \u00e0 votre s\u00e9jour.<br \/>\nCompte tenu de nos connaissances locales, de notre exp\u00e9rience et de notre dynamique direction, nous sommes certains que votre voyage en Iran sera le voyage de toute une vie.<\/p>\n[\/vc_wp_text]<div class=\"st-list-statistic\"><div class=\"row\">            <div class=\"col-md-3 col-sm-6\">\r\n                <div class=\"item-wrapper\">\r\n                    <div class=\"item\">\r\n                        <div class=\"front\">\r\n                            <div class=\"inner\">\r\n                                <h4>100+<\/h4>\r\n                                <p class=\"sub-text\">Associ\u00e9 <\/p>\r\n                            <\/div>\r\n                        <\/div>\r\n                        <div class=\"end\">\r\n                            <p class=\"desc\">Iran Safar Voyage est respect\u00e9e dans le monde entier par un vaste r\u00e9seau d\u2019agences de voyages. Nous nous effor\u00e7ons de maintenir des relations professionnelles et durables.\n\n<\/p>\r\n                        <\/div>\r\n                    <\/div>\r\n                <\/div>\r\n            <\/div>\r\n                        <div class=\"col-md-3 col-sm-6\">\r\n                <div class=\"item-wrapper\">\r\n                    <div class=\"item\">\r\n                        <div class=\"front\">\r\n                            <div class=\"inner\">\r\n                                <h4>24H\/7<\/h4>\r\n                                <p class=\"sub-text\">Le Service Client<\/p>\r\n                            <\/div>\r\n                        <\/div>\r\n                        <div class=\"end\">\r\n                            <p class=\"desc\">Vous ne serez jamais seul(e) si vous r\u00e9servez l&#039;un de nos services !\nVous pouvez nous contacter des que vous avez besoin de notre soutien, et notre \u00e9quipe est toujours disponible a vous aider.\n<\/p>\r\n                        <\/div>\r\n                    <\/div>\r\n                <\/div>\r\n            <\/div>\r\n                        <div class=\"col-md-3 col-sm-6\">\r\n                <div class=\"item-wrapper\">\r\n                    <div class=\"item\">\r\n                        <div class=\"front\">\r\n                            <div class=\"inner\">\r\n                                <h4>50+<\/h4>\r\n                                <p class=\"sub-text\">L&#039;itin\u00e9raire unique <\/p>\r\n                            <\/div>\r\n                        <\/div>\r\n                        <div class=\"end\">\r\n                            <p class=\"desc\">Notre \u00e9quipe d&#039;experts, connaissant tous les recoins de l&#039;Iran, peut sugg\u00e9rer des itin\u00e9raires culturels ou d\u2019aventure sur mesure \u00e0 ceux qui souhaitent personnaliser leur voyage.<\/p>\r\n                        <\/div>\r\n                    <\/div>\r\n                <\/div>\r\n            <\/div>\r\n                        <div class=\"col-md-3 col-sm-6\">\r\n                <div class=\"item-wrapper\">\r\n                    <div class=\"item\">\r\n                        <div class=\"front\">\r\n                            <div class=\"inner\">\r\n                                <h4>100%<\/h4>\r\n                                <p class=\"sub-text\">Satisfaction client<\/p>\r\n                            <\/div>\r\n                        <\/div>\r\n                        <div class=\"end\">\r\n                            <p class=\"desc\">Nous faisons de notre mieux pour offrir \u00e0 chaque voyageur un s\u00e9jour agr\u00e9able et m\u00e9morable en Iran, car nous croyons que &quot;notre objectif principal est votre satisfaction totale&quot;.                              \n<\/p>\r\n                        <\/div>\r\n                    <\/div>\r\n                <\/div>\r\n            <\/div>\r\n            <\/div><\/div>[\/vc_column][\/vc_row]\n<\/div>","protected":false},"excerpt":{"rendered":"<p>[vc_row][vc_column][vc_empty_space height=\u00a0\u00bb20px\u00a0\u00bb][\/vc_column][\/vc_row][vc_row css=\u00a0\u00bb.vc_custom_1641496383776{background-image: url(https:\/\/www.iransafar.co\/fr\/wp-content\/uploads\/2022\/01\/1641496268397.jpg?id=15929) !important;background-position: center !important;background-repeat: no-repeat !important;background-size: cover !important;}\u00a0\u00bb][vc_column width=\u00a0\u00bb1\/2&Prime;][vc_column_text] \u064eAgence de voyage d&rsquo;Iran Safar [\/vc_column_text][vc_column_text]Certifi\u00e9e par le minist\u00e8re iranien du tourisme en 1994, l\u2019agence de voyage Iran Safar (ISTA) est l\u2019une des agences les plus respect\u00e9es et l\u2019un des principaux voyagistes r\u00e9ceptifs d\u2019Iran. Notre objectif a toujours \u00e9t\u00e9 de satisfaire nos clients [&hellip;]<\/p>\n","protected":false},"author":1,"featured_media":15820,"parent":0,"menu_order":0,"comment_status":"closed","ping_status":"closed","template":"template-home-modern.php","meta":{"footnotes":""},"class_list":["post-8028","page","type-page","status-publish","has-post-thumbnail","hentry"],"yoast_head":"<!-- This site is optimized with the Yoast SEO Premium plugin v20.8 (Yoast SEO v27.5) - https:\/\/yoast.com\/product\/yoast-seo-premium-wordpress\/ -->\n<title>Qui sommes nous - Iran Safar \u2013 Agence de Voyage en Iran \u2013 Circuits Culturels &amp; Sur Mesure<\/title>\n<meta name=\"description\" content=\"l&#039;agence de voyage Iran Safar (ISTA) est l&#039;une des agences de voyages les plus respect\u00e9es et l&#039;un des principaux voyagistes r\u00e9ceptifs d&#039;Ira\" \/>\n<meta name=\"robots\" content=\"index, follow, max-snippet:-1, max-image-preview:large, max-video-preview:-1\" \/>\n<link rel=\"canonical\" href=\"https:\/\/www.iransafar.co\/fr\/a-propos\/\" \/>\n<meta property=\"og:locale\" content=\"fr_FR\" \/>\n<meta property=\"og:type\" content=\"article\" \/>\n<meta property=\"og:title\" content=\"Qui sommes-nous\" \/>\n<meta property=\"og:description\" content=\"l&#039;agence de voyage Iran Safar (ISTA) est l&#039;une des agences de voyages les plus respect\u00e9es et l&#039;un des principaux voyagistes r\u00e9ceptifs d&#039;Ira\" \/>\n<meta property=\"og:url\" content=\"https:\/\/www.iransafar.co\/fr\/a-propos\/\" \/>\n<meta property=\"og:site_name\" content=\"Iran Safar \u2013 Agence de Voyage en Iran \u2013 Circuits Culturels &amp; Sur Mesure\" \/>\n<meta property=\"article:modified_time\" content=\"2026-01-03T09:33:21+00:00\" \/>\n<meta property=\"og:image\" content=\"https:\/\/www.iransafar.co\/fr\/wp-content\/uploads\/2021\/12\/iransafar.jpg\" \/>\n\t<meta property=\"og:image:width\" content=\"400\" \/>\n\t<meta property=\"og:image:height\" content=\"168\" \/>\n\t<meta property=\"og:image:type\" content=\"image\/jpeg\" \/>\n<meta name=\"twitter:card\" content=\"summary_large_image\" \/>\n<meta name=\"twitter:label1\" content=\"Dur\u00e9e de lecture estim\u00e9e\" \/>\n\t<meta name=\"twitter:data1\" content=\"5 minutes\" \/>\n<script type=\"application\/ld+json\" class=\"yoast-schema-graph\">{\"@context\":\"https:\\\/\\\/schema.org\",\"@graph\":[{\"@type\":\"WebPage\",\"@id\":\"https:\\\/\\\/www.iransafar.co\\\/fr\\\/a-propos\\\/\",\"url\":\"https:\\\/\\\/www.iransafar.co\\\/fr\\\/a-propos\\\/\",\"name\":\"Qui sommes nous - Iran Safar \u2013 Agence de Voyage en Iran \u2013 Circuits Culturels &amp; Sur Mesure\",\"isPartOf\":{\"@id\":\"https:\\\/\\\/www.iransafar.co\\\/fr\\\/#website\"},\"primaryImageOfPage\":{\"@id\":\"https:\\\/\\\/www.iransafar.co\\\/fr\\\/a-propos\\\/#primaryimage\"},\"image\":{\"@id\":\"https:\\\/\\\/www.iransafar.co\\\/fr\\\/a-propos\\\/#primaryimage\"},\"thumbnailUrl\":\"https:\\\/\\\/www.iransafar.co\\\/fr\\\/wp-content\\\/uploads\\\/2021\\\/12\\\/iransafar.jpg\",\"datePublished\":\"2018-12-10T03:06:47+00:00\",\"dateModified\":\"2026-01-03T09:33:21+00:00\",\"description\":\"l'agence de voyage Iran Safar (ISTA) est l'une des agences de voyages les plus respect\u00e9es et l'un des principaux voyagistes r\u00e9ceptifs d'Ira\",\"breadcrumb\":{\"@id\":\"https:\\\/\\\/www.iransafar.co\\\/fr\\\/a-propos\\\/#breadcrumb\"},\"inLanguage\":\"fr-FR\",\"potentialAction\":[{\"@type\":\"ReadAction\",\"target\":[\"https:\\\/\\\/www.iransafar.co\\\/fr\\\/a-propos\\\/\"]}]},{\"@type\":\"ImageObject\",\"inLanguage\":\"fr-FR\",\"@id\":\"https:\\\/\\\/www.iransafar.co\\\/fr\\\/a-propos\\\/#primaryimage\",\"url\":\"https:\\\/\\\/www.iransafar.co\\\/fr\\\/wp-content\\\/uploads\\\/2021\\\/12\\\/iransafar.jpg\",\"contentUrl\":\"https:\\\/\\\/www.iransafar.co\\\/fr\\\/wp-content\\\/uploads\\\/2021\\\/12\\\/iransafar.jpg\",\"width\":400,\"height\":168,\"caption\":\"agence de voyage Iransafar\"},{\"@type\":\"BreadcrumbList\",\"@id\":\"https:\\\/\\\/www.iransafar.co\\\/fr\\\/a-propos\\\/#breadcrumb\",\"itemListElement\":[{\"@type\":\"ListItem\",\"position\":1,\"name\":\"Home\",\"item\":\"https:\\\/\\\/www.iransafar.co\\\/fr\\\/\"},{\"@type\":\"ListItem\",\"position\":2,\"name\":\"Qui sommes-nous\"}]},{\"@type\":\"WebSite\",\"@id\":\"https:\\\/\\\/www.iransafar.co\\\/fr\\\/#website\",\"url\":\"https:\\\/\\\/www.iransafar.co\\\/fr\\\/\",\"name\":\"Iran Safar \u2013 Agence de Voyage en Iran \u2013 Circuits Culturels &amp; Sur Mesure\",\"description\":\"Meilleure agence de voyage en Iran \u2013 Circuits sur mesure, culture, aventure et visa\",\"potentialAction\":[{\"@type\":\"SearchAction\",\"target\":{\"@type\":\"EntryPoint\",\"urlTemplate\":\"https:\\\/\\\/www.iransafar.co\\\/fr\\\/?s={search_term_string}\"},\"query-input\":{\"@type\":\"PropertyValueSpecification\",\"valueRequired\":true,\"valueName\":\"search_term_string\"}}],\"inLanguage\":\"fr-FR\"}]}<\/script>\n<!-- \/ Yoast SEO Premium plugin. -->","yoast_head_json":{"title":"Qui sommes nous - Iran Safar \u2013 Agence de Voyage en Iran \u2013 Circuits Culturels &amp; Sur Mesure","description":"l'agence de voyage Iran Safar (ISTA) est l'une des agences de voyages les plus respect\u00e9es et l'un des principaux voyagistes r\u00e9ceptifs d'Ira","robots":{"index":"index","follow":"follow","max-snippet":"max-snippet:-1","max-image-preview":"max-image-preview:large","max-video-preview":"max-video-preview:-1"},"canonical":"https:\/\/www.iransafar.co\/fr\/a-propos\/","og_locale":"fr_FR","og_type":"article","og_title":"Qui sommes-nous","og_description":"l'agence de voyage Iran Safar (ISTA) est l'une des agences de voyages les plus respect\u00e9es et l'un des principaux voyagistes r\u00e9ceptifs d'Ira","og_url":"https:\/\/www.iransafar.co\/fr\/a-propos\/","og_site_name":"Iran Safar \u2013 Agence de Voyage en Iran \u2013 Circuits Culturels &amp; Sur Mesure","article_modified_time":"2026-01-03T09:33:21+00:00","og_image":[{"width":400,"height":168,"url":"https:\/\/www.iransafar.co\/fr\/wp-content\/uploads\/2021\/12\/iransafar.jpg","type":"image\/jpeg"}],"twitter_card":"summary_large_image","twitter_misc":{"Dur\u00e9e de lecture estim\u00e9e":"5 minutes"},"schema":{"@context":"https:\/\/schema.org","@graph":[{"@type":"WebPage","@id":"https:\/\/www.iransafar.co\/fr\/a-propos\/","url":"https:\/\/www.iransafar.co\/fr\/a-propos\/","name":"Qui sommes nous - Iran Safar \u2013 Agence de Voyage en Iran \u2013 Circuits Culturels &amp; Sur Mesure","isPartOf":{"@id":"https:\/\/www.iransafar.co\/fr\/#website"},"primaryImageOfPage":{"@id":"https:\/\/www.iransafar.co\/fr\/a-propos\/#primaryimage"},"image":{"@id":"https:\/\/www.iransafar.co\/fr\/a-propos\/#primaryimage"},"thumbnailUrl":"https:\/\/www.iransafar.co\/fr\/wp-content\/uploads\/2021\/12\/iransafar.jpg","datePublished":"2018-12-10T03:06:47+00:00","dateModified":"2026-01-03T09:33:21+00:00","description":"l'agence de voyage Iran Safar (ISTA) est l'une des agences de voyages les plus respect\u00e9es et l'un des principaux voyagistes r\u00e9ceptifs d'Ira","breadcrumb":{"@id":"https:\/\/www.iransafar.co\/fr\/a-propos\/#breadcrumb"},"inLanguage":"fr-FR","potentialAction":[{"@type":"ReadAction","target":["https:\/\/www.iransafar.co\/fr\/a-propos\/"]}]},{"@type":"ImageObject","inLanguage":"fr-FR","@id":"https:\/\/www.iransafar.co\/fr\/a-propos\/#primaryimage","url":"https:\/\/www.iransafar.co\/fr\/wp-content\/uploads\/2021\/12\/iransafar.jpg","contentUrl":"https:\/\/www.iransafar.co\/fr\/wp-content\/uploads\/2021\/12\/iransafar.jpg","width":400,"height":168,"caption":"agence de voyage Iransafar"},{"@type":"BreadcrumbList","@id":"https:\/\/www.iransafar.co\/fr\/a-propos\/#breadcrumb","itemListElement":[{"@type":"ListItem","position":1,"name":"Home","item":"https:\/\/www.iransafar.co\/fr\/"},{"@type":"ListItem","position":2,"name":"Qui sommes-nous"}]},{"@type":"WebSite","@id":"https:\/\/www.iransafar.co\/fr\/#website","url":"https:\/\/www.iransafar.co\/fr\/","name":"Iran Safar \u2013 Agence de Voyage en Iran \u2013 Circuits Culturels &amp; Sur Mesure","description":"Meilleure agence de voyage en Iran \u2013 Circuits sur mesure, culture, aventure et visa","potentialAction":[{"@type":"SearchAction","target":{"@type":"EntryPoint","urlTemplate":"https:\/\/www.iransafar.co\/fr\/?s={search_term_string}"},"query-input":{"@type":"PropertyValueSpecification","valueRequired":true,"valueName":"search_term_string"}}],"inLanguage":"fr-FR"}]}},"rttpg_featured_image_url":{"full":["https:\/\/www.iransafar.co\/fr\/wp-content\/uploads\/2021\/12\/iransafar.jpg",400,168,false],"landscape":["https:\/\/www.iransafar.co\/fr\/wp-content\/uploads\/2021\/12\/iransafar.jpg",400,168,false],"portraits":["https:\/\/www.iransafar.co\/fr\/wp-content\/uploads\/2021\/12\/iransafar.jpg",400,168,false],"thumbnail":["https:\/\/www.iransafar.co\/fr\/wp-content\/uploads\/2021\/12\/iransafar-400x300.jpg",400,300,true],"medium":["https:\/\/www.iransafar.co\/fr\/wp-content\/uploads\/2021\/12\/iransafar-800x600.jpg",800,600,true],"large":["https:\/\/www.iransafar.co\/fr\/wp-content\/uploads\/2021\/12\/iransafar-1200x900.jpg",1200,900,true],"1536x1536":["https:\/\/www.iransafar.co\/fr\/wp-content\/uploads\/2021\/12\/iransafar-1536x1536.jpg",1536,1536,true],"2048x2048":["https:\/\/www.iransafar.co\/fr\/wp-content\/uploads\/2021\/12\/iransafar-2048x2048.jpg",2048,2048,true],"smart-post-landscape":["https:\/\/www.iransafar.co\/fr\/wp-content\/uploads\/2021\/12\/iransafar-870x570.jpg",870,570,true],"smart-post-portrait":["https:\/\/www.iransafar.co\/fr\/wp-content\/uploads\/2021\/12\/iransafar-600x900.jpg",600,900,true],"the_grid_size1":["https:\/\/www.iransafar.co\/fr\/wp-content\/uploads\/2021\/12\/iransafar-500x500.jpg",500,500,true],"the_grid_size2":["https:\/\/www.iransafar.co\/fr\/wp-content\/uploads\/2021\/12\/iransafar-500x1000.jpg",500,1000,true],"the_grid_size3":["https:\/\/www.iransafar.co\/fr\/wp-content\/uploads\/2021\/12\/iransafar-1000x500.jpg",1000,500,true],"the_grid_size4":["https:\/\/www.iransafar.co\/fr\/wp-content\/uploads\/2021\/12\/iransafar-1000x1000.jpg",1000,1000,true],"the_grid_size5":["https:\/\/www.iransafar.co\/fr\/wp-content\/uploads\/2021\/12\/iransafar-500x99999.jpg",500,99999,true],"yarpp-thumbnail":["https:\/\/www.iransafar.co\/fr\/wp-content\/uploads\/2021\/12\/iransafar-120x120.jpg",120,120,true]},"rttpg_author":{"display_name":"Iransafar Tours","author_link":"https:\/\/www.iransafar.co\/fr\/author\/admin\/"},"rttpg_comment":0,"rttpg_category":null,"rttpg_excerpt":"[vc_row][vc_column][vc_empty_space height=\u00a0\u00bb20px\u00a0\u00bb][\/vc_column][\/vc_row][vc_row css=\u00a0\u00bb.vc_custom_1641496383776{background-image: url(https:\/\/www.iransafar.co\/fr\/wp-content\/uploads\/2022\/01\/1641496268397.jpg?id=15929) !important;background-position: center !important;background-repeat: no-repeat !important;background-size: cover !important;}\u00a0\u00bb][vc_column width=\u00a0\u00bb1\/2&Prime;][vc_column_text] \u064eAgence de voyage d&rsquo;Iran Safar [\/vc_column_text][vc_column_text]Certifi\u00e9e par le minist\u00e8re iranien du tourisme en 1994, l\u2019agence de voyage Iran Safar (ISTA) est l\u2019une des agences les plus respect\u00e9es et l\u2019un des principaux voyagistes r\u00e9ceptifs d\u2019Iran. Notre objectif a toujours \u00e9t\u00e9 de satisfaire nos clients\u2026","_links":{"self":[{"href":"https:\/\/www.iransafar.co\/fr\/wp-json\/wp\/v2\/pages\/8028","targetHints":{"allow":["GET"]}}],"collection":[{"href":"https:\/\/www.iransafar.co\/fr\/wp-json\/wp\/v2\/pages"}],"about":[{"href":"https:\/\/www.iransafar.co\/fr\/wp-json\/wp\/v2\/types\/page"}],"author":[{"embeddable":true,"href":"https:\/\/www.iransafar.co\/fr\/wp-json\/wp\/v2\/users\/1"}],"replies":[{"embeddable":true,"href":"https:\/\/www.iransafar.co\/fr\/wp-json\/wp\/v2\/comments?post=8028"}],"version-history":[{"count":50,"href":"https:\/\/www.iransafar.co\/fr\/wp-json\/wp\/v2\/pages\/8028\/revisions"}],"predecessor-version":[{"id":18812,"href":"https:\/\/www.iransafar.co\/fr\/wp-json\/wp\/v2\/pages\/8028\/revisions\/18812"}],"wp:featuredmedia":[{"embeddable":true,"href":"https:\/\/www.iransafar.co\/fr\/wp-json\/wp\/v2\/media\/15820"}],"wp:attachment":[{"href":"https:\/\/www.iransafar.co\/fr\/wp-json\/wp\/v2\/media?parent=8028"}],"curies":[{"name":"wp","href":"https:\/\/api.w.org\/{rel}","templated":true}]}}